{"id":57667,"date":"2026-02-11T18:33:14","date_gmt":"2026-02-11T10:33:14","guid":{"rendered":"https:\/\/alotofspirits.com\/product\/%e8%91%9b%e7%be%85%e5%85%84%e5%a6%b9%e9%85%92%e8%8e%8a-%e9%a6%ae%e5%85%a7%e4%be%af%e7%91%aa%e5%85%a7%e4%b8%80%e7%b4%9a%e5%9c%92%e7%b4%85%e8%91%a1%e8%90%84%e9%85%922019\/"},"modified":"2026-02-11T18:33:14","modified_gmt":"2026-02-11T10:33:14","slug":"%e8%91%9b%e7%be%85%e5%85%84%e5%a6%b9%e9%85%92%e8%8e%8a-%e9%a6%ae%e5%85%a7%e4%be%af%e7%91%aa%e5%85%a7%e4%b8%80%e7%b4%9a%e5%9c%92%e7%b4%85%e8%91%a1%e8%90%84%e9%85%922019","status":"publish","type":"product","link":"https:\/\/alotofspirits.com\/en\/product\/%e8%91%9b%e7%be%85%e5%85%84%e5%a6%b9%e9%85%92%e8%8e%8a-%e9%a6%ae%e5%85%a7%e4%be%af%e7%91%aa%e5%85%a7%e4%b8%80%e7%b4%9a%e5%9c%92%e7%b4%85%e8%91%a1%e8%90%84%e9%85%922019\/","title":{"rendered":"\u845b\u7f85\u5144\u59b9\u9152\u838a \u99ae\u5167\u4faf\u746a\u5167\u4e00\u7d1a\u5712\u7d05\u8461\u8404\u91522019"},"content":{"rendered":"<p><strong data-start=\"70\" data-end=\"154\">2019 \u5e74\u845b\u7f85\u5144\u59b9\u9152\u838a \u99ae\u5167\u4faf\u746a\u5167\u4e00\u7d1a\u5712\u7d05\u8461\u8404\u9152\uff08Domaine Gros Fr\u00e8re et S\u0153ur Vosne-Roman\u00e9e 1er Cru 2019\uff09<\/strong> \u662f\u4f86\u81ea\u6cd5\u570b\u5e03\u6839\u5730\u591c\u4e18\u9802\u7d1a\u7522\u5340 Vosne-Roman\u00e9e \u7684\u7d93\u5178\u9ed1\u76ae\u8afe\u7d05\u9152\u3002\u8a72\u9152\u6b3e\u7d50\u5408\u4e86 Vosne-Roman\u00e9e \u4e00\u7d1a\u5712\u8461\u8404\u5712\u7684\u7cbe\u83ef\u98a8\u571f\uff0c\u5c55\u73fe\u6210\u719f\u7d05\u8272\u8393\u679c\u8207\u7d30\u7dfb\u9999\u6599\u6c23\u606f\uff0c\u4e26\u5e36\u6709\u82b1\u9999\u8207\u7926\u7269\u7684\u8907\u96dc\u5c64\u6b21\u3002\u9152\u9ad4\u4e2d\u7b49\u5230\u4e2d\u7b49\u98fd\u6eff\uff0c\u55ae\u5be7\u7d30\u7dfb\u3001\u9178\u5ea6\u5e73\u8861\uff0c\u7d50\u69cb\u512a\u96c5\u800c\u98fd\u6eff\uff0c\u5c3e\u97fb\u7d14\u6de8\u4e14\u5ef6\u4f38\u6301\u4e45\u3002\u9019\u6b3e 2019 \u5e74\u4efd\u5177\u5099\u7d30\u7dfb\u800c\u6fc3\u7e2e\u7684\u679c\u9999\uff0c\u4ee5\u53ca\u826f\u597d\u7684\u9673\u5e74\u6f5b\u529b\uff0c\u662f\u5e03\u6839\u5730\u7d93\u5178\u98a8\u683c\u8207 Vosne-Roman\u00e9e \u512a\u96c5\u9b45\u529b\u7684\u7d55\u4f73\u4ee3\u8868\u3002<\/p>\n","protected":false},"excerpt":{"rendered":"<p data-start=\"0\" data-end=\"75\">\u9999\u6c23\uff1a\u6210\u719f\u7d05\u6afb\u6843\u8207\u8986\u76c6\u5b50\u7b49\u7d05\u8272\u8393\u679c\u70ba\u4e3b\u8ef8\uff0c\u4ea4\u7e54\u73ab\u7470\u82b1\u74e3\u8207\u7d2b\u7f85\u862d\u82b1\u9999\uff0c\u4e26\u4f34\u96a8\u6de1\u96c5\u9999\u6599\u3001\u7518\u8349\u8207\u7d30\u7dfb\u6a61\u6728\u6c23\u606f\uff0c\u96b1\u7d04\u900f\u51fa\u7926\u77f3\u8207\u6ce5\u571f\u98a8\u5473\uff0c\u5c64\u6b21\u512a\u96c5\u800c\u7d30\u81a9\u3002<\/p>\n<p data-start=\"77\" data-end=\"157\">\u53e3\u611f\uff1a\u9152\u9ad4\u4e2d\u7b49\u81f3\u4e2d\u7b49\u98fd\u6eff\uff0c\u8cea\u5730\u7d72\u6ed1\uff0c\u55ae\u5be7\u7d30\u7dfb\u67d4\u9806\u4e14\u7d50\u69cb\u7dca\u5be6\uff1b\u9178\u5ea6\u660e\u4eae\u5e73\u8861\uff0c\u4f7f\u679c\u5473\u986f\u5f97\u6e05\u65b0\u800c\u96c6\u4e2d\uff0c\u5c55\u73fe Vosne-Roman\u00e9e \u4e00\u7d1a\u5712\u7279\u6709\u7684\u512a\u96c5\u8207\u6df1\u5ea6\u3002<\/p>\n<p data-start=\"159\" data-end=\"221\" data-is-last-node=\"\" data-is-only-node=\"\">\u5c3e\u97fb\uff1a\u9918\u97fb\u60a0\u9577\u7d14\u6de8\uff0c\u7d05\u679c\u8207\u82b1\u9999\u5728\u53e3\u4e2d\u7de9\u7de9\u7dbb\u653e\uff0c\u4f34\u96a8\u6de1\u6de1\u9999\u6599\u8207\u7926\u7269\u6c23\u606f\uff0c\u6536\u5c3e\u7d30\u81a9\u4e14\u5bcc\u6709\u5ef6\u4f38\u611f\uff0c\u5c55\u73fe\u826f\u597d\u7684\u9673\u5e74\u6f5b\u529b\u3002<\/p>\n","protected":false},"featured_media":57278,"template":"","meta":{"_uag_custom_page_level_css":"","site-sidebar-layout":"default","site-content-layout":"","ast-site-content-layout":"default","site-content-style":"default","site-sidebar-style":"default","ast-global-header-display":"","ast-banner-title-visibility":"","ast-main-header-display":"","ast-hfb-above-header-display":"","ast-hfb-below-header-display":"","ast-hfb-mobile-header-display":"","site-post-title":"","ast-breadcrumbs-content":"","ast-featured-img":"","footer-sml-layout":"","ast-disable-related-posts":"","theme-transparent-header-meta":"default","adv-header-id-meta":"","stick-header-meta":"default","header-above-stick-meta":"","header-main-stick-meta":"","header-below-stick-meta":"","astra-migrate-meta-layouts":"set","ast-page-background-enabled":"default","ast-page-background-meta":{"desktop":{"background-color":"var(--ast-global-color-4)","background-image":"","background-repeat":"repeat","background-position":"center center","background-size":"auto","background-attachment":"scroll","background-type":"","background-media":"","overlay-type":"","overlay-color":"","overlay-opacity":"","overlay-gradient":""},"tablet":{"background-color":"","background-image":"","background-repeat":"repeat","background-position":"center center","background-size":"auto","background-attachment":"scroll","background-type":"","background-media":"","overlay-type":"","overlay-color":"","overlay-opacity":"","overlay-gradient":""},"mobile":{"background-color":"","background-image":"","background-repeat":"repeat","background-position":"center center","background-size":"auto","background-attachment":"scroll","background-type":"","background-media":"","overlay-type":"","overlay-color":"","overlay-opacity":"","overlay-gradient":""}},"ast-content-background-meta":{"desktop":{"background-color":"var(--ast-global-color-5)","background-image":"","background-repeat":"repeat","background-position":"center center","background-size":"auto","background-attachment":"scroll","background-type":"","background-media":"","overlay-type":"","overlay-color":"","overlay-opacity":"","overlay-gradient":""},"tablet":{"background-color":"var(--ast-global-color-5)","background-image":"","background-repeat":"repeat","background-position":"center center","background-size":"auto","background-attachment":"scroll","background-type":"","background-media":"","overlay-type":"","overlay-color":"","overlay-opacity":"","overlay-gradient":""},"mobile":{"background-color":"var(--ast-global-color-5)","background-image":"","background-repeat":"repeat","background-position":"center center","background-size":"auto","background-attachment":"scroll","background-type":"","background-media":"","overlay-type":"","overlay-color":"","overlay-opacity":"","overlay-gradient":""}}},"product_brand":[],"product_cat":[7218,6739],"product_tag":[],"class_list":{"0":"post-57667","1":"product","2":"type-product","3":"status-publish","4":"has-post-thumbnail","6":"product_cat-gros-frere-et-soeur-","7":"product_cat-wine","8":"pa_-750ml-en","9":"pa_-7219","10":"pa_-7220","11":"pa_-france","12":"pa_-wine","13":"pa_-7221","14":"desktop-align-left","15":"tablet-align-left","16":"mobile-align-left","17":"ast-product-gallery-layout-horizontal-slider","18":"ast-product-gallery-with-no-image","19":"ast-product-tabs-layout-distributed","20":"ast-qv-on-image","22":"first","23":"instock","24":"shipping-taxable","25":"purchasable","26":"product-type-simple"},"aioseo_notices":[],"uagb_featured_image_src":{"full":["https:\/\/alotofspirits.com\/wp-content\/uploads\/2026\/02\/\u845b\u7f85\u5144\u59b9\u9152\u838a-\u99ae\u5167\u4faf\u746a\u5167\u4e00\u7d1a\u5712\u7d05\u8461\u8404\u91522019.jpg",1000,1000,false],"thumbnail":["https:\/\/alotofspirits.com\/wp-content\/uploads\/2026\/02\/\u845b\u7f85\u5144\u59b9\u9152\u838a-\u99ae\u5167\u4faf\u746a\u5167\u4e00\u7d1a\u5712\u7d05\u8461\u8404\u91522019-150x150.jpg",150,150,true],"medium":["https:\/\/alotofspirits.com\/wp-content\/uploads\/2026\/02\/\u845b\u7f85\u5144\u59b9\u9152\u838a-\u99ae\u5167\u4faf\u746a\u5167\u4e00\u7d1a\u5712\u7d05\u8461\u8404\u91522019-300x300.jpg",300,300,true],"medium_large":["https:\/\/alotofspirits.com\/wp-content\/uploads\/2026\/02\/\u845b\u7f85\u5144\u59b9\u9152\u838a-\u99ae\u5167\u4faf\u746a\u5167\u4e00\u7d1a\u5712\u7d05\u8461\u8404\u91522019-768x768.jpg",768,768,true],"large":["https:\/\/alotofspirits.com\/wp-content\/uploads\/2026\/02\/\u845b\u7f85\u5144\u59b9\u9152\u838a-\u99ae\u5167\u4faf\u746a\u5167\u4e00\u7d1a\u5712\u7d05\u8461\u8404\u91522019.jpg",1000,1000,false],"1536x1536":["https:\/\/alotofspirits.com\/wp-content\/uploads\/2026\/02\/\u845b\u7f85\u5144\u59b9\u9152\u838a-\u99ae\u5167\u4faf\u746a\u5167\u4e00\u7d1a\u5712\u7d05\u8461\u8404\u91522019.jpg",1000,1000,false],"2048x2048":["https:\/\/alotofspirits.com\/wp-content\/uploads\/2026\/02\/\u845b\u7f85\u5144\u59b9\u9152\u838a-\u99ae\u5167\u4faf\u746a\u5167\u4e00\u7d1a\u5712\u7d05\u8461\u8404\u91522019.jpg",1000,1000,false],"woocommerce_thumbnail":["https:\/\/alotofspirits.com\/wp-content\/uploads\/2026\/02\/\u845b\u7f85\u5144\u59b9\u9152\u838a-\u99ae\u5167\u4faf\u746a\u5167\u4e00\u7d1a\u5712\u7d05\u8461\u8404\u91522019-300x300.jpg",300,300,true],"woocommerce_single":["https:\/\/alotofspirits.com\/wp-content\/uploads\/2026\/02\/\u845b\u7f85\u5144\u59b9\u9152\u838a-\u99ae\u5167\u4faf\u746a\u5167\u4e00\u7d1a\u5712\u7d05\u8461\u8404\u91522019-600x600.jpg",600,600,true],"woocommerce_gallery_thumbnail":["https:\/\/alotofspirits.com\/wp-content\/uploads\/2026\/02\/\u845b\u7f85\u5144\u59b9\u9152\u838a-\u99ae\u5167\u4faf\u746a\u5167\u4e00\u7d1a\u5712\u7d05\u8461\u8404\u91522019-100x100.jpg",100,100,true]},"uagb_author_info":{"display_name":"\u9ec3 \u923a\u4ec1","author_link":"https:\/\/alotofspirits.com\/en\/author\/"},"uagb_comment_info":0,"uagb_excerpt":"\u9999\u6c23\uff1a\u6210\u719f\u7d05\u6afb\u6843\u8207\u8986\u76c6\u5b50\u7b49\u7d05\u8272\u8393\u679c\u70ba\u4e3b\u8ef8\uff0c\u4ea4\u7e54\u73ab\u7470\u82b1\u74e3\u8207\u7d2b\u7f85\u862d\u82b1\u9999\uff0c\u4e26\u4f34\u96a8\u6de1\u96c5\u9999\u6599\u3001\u7518\u8349\u8207\u7d30\u7dfb\u6a61\u6728\u6c23\u606f\uff0c\u96b1\u7d04\u900f\u51fa\u7926\u77f3\u8207\u6ce5\u571f\u98a8\u5473\uff0c\u5c64\u6b21\u512a\u96c5\u800c\u7d30\u81a9\u3002 \u53e3\u611f\uff1a\u9152\u9ad4\u4e2d\u7b49\u81f3\u4e2d\u7b49\u98fd\u6eff\uff0c\u8cea\u5730\u7d72\u6ed1\uff0c\u55ae\u5be7\u7d30\u7dfb\u67d4\u9806\u4e14\u7d50\u69cb\u7dca\u5be6\uff1b\u9178\u5ea6\u660e\u4eae\u5e73\u8861\uff0c\u4f7f\u679c\u5473\u986f\u5f97\u6e05\u65b0\u800c\u96c6\u4e2d\uff0c\u5c55\u73fe Vosne-Roman\u00e9e \u4e00\u7d1a\u5712\u7279\u6709\u7684\u512a\u96c5\u8207\u6df1\u5ea6\u3002 \u5c3e\u97fb\uff1a\u9918\u97fb\u60a0\u9577\u7d14\u6de8\uff0c\u7d05\u679c\u8207\u82b1\u9999\u5728\u53e3\u4e2d\u7de9\u7de9\u7dbb\u653e\uff0c\u4f34\u96a8\u6de1\u6de1\u9999\u6599\u8207\u7926\u7269\u6c23\u606f\uff0c\u6536\u5c3e\u7d30\u81a9\u4e14\u5bcc\u6709\u5ef6\u4f38\u611f\uff0c\u5c55\u73fe\u826f\u597d\u7684\u9673\u5e74\u6f5b\u529b\u3002","jetpack_sharing_enabled":true,"_links":{"self":[{"href":"https:\/\/alotofspirits.com\/en\/wp-json\/wp\/v2\/product\/57667","targetHints":{"allow":["GET"]}}],"collection":[{"href":"https:\/\/alotofspirits.com\/en\/wp-json\/wp\/v2\/product"}],"about":[{"href":"https:\/\/alotofspirits.com\/en\/wp-json\/wp\/v2\/types\/product"}],"wp:featuredmedia":[{"embeddable":true,"href":"https:\/\/alotofspirits.com\/en\/wp-json\/wp\/v2\/media\/57278"}],"wp:attachment":[{"href":"https:\/\/alotofspirits.com\/en\/wp-json\/wp\/v2\/media?parent=57667"}],"wp:term":[{"taxonomy":"product_brand","embeddable":true,"href":"https:\/\/alotofspirits.com\/en\/wp-json\/wp\/v2\/product_brand?post=57667"},{"taxonomy":"product_cat","embeddable":true,"href":"https:\/\/alotofspirits.com\/en\/wp-json\/wp\/v2\/product_cat?post=57667"},{"taxonomy":"product_tag","embeddable":true,"href":"https:\/\/alotofspirits.com\/en\/wp-json\/wp\/v2\/product_tag?post=57667"}],"curies":[{"name":"wp","href":"https:\/\/api.w.org\/{rel}","templated":true}]}}